{"id":658,"date":"2020-10-14T15:11:34","date_gmt":"2020-10-14T15:11:34","guid":{"rendered":"https:\/\/lucka-uprava-novalja.com\/kontaktirajte-nas\/"},"modified":"2025-05-21T07:08:41","modified_gmt":"2025-05-21T07:08:41","slug":"kontaktirajte-nas","status":"publish","type":"page","link":"https:\/\/lucka-uprava-novalja.com\/en\/kontaktirajte-nas\/","title":{"rendered":"Contact us"},"content":{"rendered":"<div class=\"column one-second\"><img loading=\"lazy\" decoding=\"async\" class=\"alignleft wp-image-659\" src=\"https:\/\/lucka-uprava-novalja.com\/wp-content\/uploads\/2020\/10\/logo-180.png\" alt=\"\" width=\"139\" height=\"149\" srcset=\"https:\/\/lucka-uprava-novalja.com\/wp-content\/uploads\/2020\/10\/logo-180.png 180w, https:\/\/lucka-uprava-novalja.com\/wp-content\/uploads\/2020\/10\/logo-180-136x146.png 136w, https:\/\/lucka-uprava-novalja.com\/wp-content\/uploads\/2020\/10\/logo-180-47x50.png 47w, https:\/\/lucka-uprava-novalja.com\/wp-content\/uploads\/2020\/10\/logo-180-70x75.png 70w\" sizes=\"auto, (max-width: 139px) 100vw, 139px\" \/><\/p>\n<h2>PORT AUTHORITY OF NOVALJA<\/h2>\n<p><strong>Adresa:<\/strong> Dalmatinska 18, 53291 Novalja, Croatia<br \/>\n<strong>E-mail:<\/strong> <a href=\"mailto:info@lucka-uprava-novalja.com\">info@lucka-uprava-novalja.com <\/a><br \/>\n<strong> Hours: <\/strong> Monday through Friday: 7:00 a.m. &#8211; 3:00 p.m.<\/p>\n<div class=\"six columns\">\n<hr \/>\n<p>Ravnatelj, Tomislav Kusti\u0107, dipl. spec. admin. public<br \/>\n<i class=\"icon-mail-line\" style=\"\"><\/i> <a href=\"mailto:ravnatelj@lucka-uprava-novalja.com\">ravnatelj@lucka-uprava-novalja.com<\/a> , <a href=\"mailto:pravni.poslovi@lucka-uprava-novalja.com\">pravni.poslovi@lucka-uprava-novalja.com<\/a><br \/>\n<i class=\"icon-phone\" style=\"\"><\/i> Tel: <strong><a href=\"tel:+38553663231\">+385 (0)53\/663 231<\/a>, <a href=\"tel:+385993146250\">+385 (0)99 543 58 28<\/a><\/strong><\/p>\n<p>Koordinator za europske projekte, Igor Vidas, prof.<br \/>\n<i class=\"icon-mail-line\" style=\"\"><\/i> <a href=\"mailto:koordinator@lucka-uprava-novalja.com\">koordinator@lucka-uprava-novalja.com<\/a><br \/>\n<i class=\"icon-phone\" style=\"\"><\/i> Tel\/Fax:<a href=\"tel:+38599 31 46 250\"><strong> +385 (0)99 31 46 250<\/strong><\/a><\/p>\n<p>Samostalni referent za ra\u010dunovodstvene i za op\u0107e poslove Elena Vrtodu\u0161i\u0107, mag.oec.<br \/>\n<i class=\"icon-mail-line\" style=\"\"><\/i> <a href=\"mailto:financije@lucka-uprava-novalja.com\">financije@lucka-uprava-novalja.com<\/a><br \/>\n<i class=\"icon-phone\" style=\"\"><\/i> Tel\/Fax:<a href=\"tel:+385995259788\"><strong> +385 (0)99 525 9788<\/strong><\/a><\/p>\n<p>Samostalni referent za poslove lu\u010dkog redarstva Davor Samar\u017eija, ing.<br \/>\n<i class=\"icon-mail-line\" style=\"\"><\/i> <a href=\"mailto:lucko.redarstvo@lucka-uprava-novalja.com\">lucko.redarstvo@lucka-uprava-novalja.com<\/a><br \/>\n<i class=\"icon-phone\" style=\"\"><\/i> Tel: <strong>\u00a0<a href=\"tel:+38599 712 2250\">+385 (0)99 712 22 50<\/a><\/strong><\/p>\n<p>Samostalni referent za poslove nabave, koncesija i eu projekata Marijana Prgomet \u0160ugar,mag.oec.<br \/>\n<i class=\"icon-mail-line\" style=\"\"><\/i> <a href=\"mailto:ured@lucka-uprava-novalja.com\">ured@lucka-uprava-novalja.com<\/a><br \/>\n<i class=\"icon-phone\" style=\"\"><\/i> Tel: <a href=\"tel:+38599 70 74 830\"><strong>+385 (0)99 70 74 830<\/strong><\/a><\/p>\n<p>Pravni poslovi, pomo\u0107nik ravnatelja, Tomislav Kusti\u0107, dipl. spec. admin. public<br \/>\n<i class=\"icon-mail-line\" style=\"\"><\/i> <a href=\"mailto:pravni.poslovi@lucka-uprava-novalja.com\">pravni.poslovi@lucka-uprava-novalja.com<\/a><br \/>\n<i class=\"icon-phone\" style=\"\"><\/i> Tel: <a href=\"tel:+38599 5435828\"><strong>+385 (0)99 543 5828<\/strong><\/a><\/p>\n<\/div>\n<p><\/div>\n\n<div class=\"column one-second\"><\/p>\n<p class=\"crveno\" align=\"center\"><b>LU\u010cKA KAPETANIJA SENJ +385 053 881 301<br \/>\nPORT CAPTAIN&#8217;S OFFICE &#8211; NOVALJA BRANCH OFFICE +385 053 661 301<\/b><\/p>\n<p><strong>NOVALJA DUTY PHONE:<\/strong><br \/>\n<i class=\"icon-mail-line\" style=\"\"><\/i> <a href=\"mailto:luka.novalja@lucka-uprava-novalja.com\">luka.novalja@lucka-uprava-novalja.com<\/a><br \/>\n<i class=\"icon-phone\" style=\"\"><\/i> <a href=\"tel:+385993146251\">+385 (0)99 314 6251<\/a><\/p>\n<p><strong>PORT CRANE DUTY PHONE:<\/strong><\/p>\n<p><i class=\"icon-phone\" style=\"\"><\/i> <a href=\"tel:+385995274471\">+385 (0)99 527 4471<\/a><\/p>\n<hr \/>\n<p><strong>DUTY PHONE ZIGLJEN:<\/strong><br \/>\n<i class=\"icon-mail-line\" style=\"\"><\/i> <a href=\"mailto:luka.zigljen@lucka-uprava-novalja.com\">luka.zigljen@lucka-uprava-novalja.com<\/a><br \/>\n<i class=\"icon-phone\" style=\"\"><\/i> <a href=\"tel:+385993898417\">+385 (0)99 389 8417<\/a><\/p>\n<hr \/>\n<p><strong>DUTY TELEPHONE OF THE PORT OF TOVARNELE:<\/strong><br \/>\n<i class=\"icon-mail-line\" style=\"\"><\/i> <a href=\"mailto:luka.tovarnele@lucka-uprava-novalja.com\">luka.tovarnele@lucka-uprava-novalja.com<\/a><br \/>\n<i class=\"icon-phone\" style=\"\"><\/i> <a href=\"tel:+385995465266\">+385 (0)99 546 5266<\/a><\/p>\n<hr \/>\n<p class=\"plavo\"><strong>OIB:<\/strong> 62485993187 | <strong>MB:<\/strong> 01425552<br \/>\n<strong>Giro account (Privredna Banka Zagreb)<\/strong><br \/>\nIBAN HR1823400091110062182<br \/>\n<strong>SWIFT (BIC)<\/strong>: PBZGHR2X<\/p>\n<p><\/div>\n\n<hr \/>\n<style type=\"text\/css\" id=\"umsMapStyles_3_15472\">\r\n    #ultimate_maps_3_15472 {\r\n        width: 100%;\r\n        height: 400px;\r\n                border: 0px solid ;\r\n        margin: 0px;\r\n    }\r\n    #mapsControlsNum_3_15472 {\r\n        width:100%    }\r\n    .umsMapDetailsContainer#umsMapDetailsContainer_3_15472 {\r\n        height:400px;\r\n    }\r\n    .ums_MapPreview#ultimate_maps_3_15472 {\r\n        \/*position:absolute;*\/\r\n        width:100%;\r\n    }\r\n    #mapConElem_3_15472{\r\n        width:100%    }\r\n    <\/style><div class=\"ums_map_opts\" id=\"mapConElem_3_15472\" data-id=\"3\" data-view-id=\"3_15472\" > <div class=\"umsMapDetailsContainer\" id=\"umsMapDetailsContainer_3_15472\"> <i class=\"umsKMLLayersPreloader fa fa-spinner fa-spin\" aria-hidden=\"true\" style=\"display: none;\"><\/i> <div class=\"ums_MapPreview \" id=\"ultimate_maps_3_15472\"><\/div> <\/div> <div class=\"umsMapMarkerFilters\" id=\"umsMapMarkerFilters_3_15472\"> <\/div> <div class=\"umsMapProControlsCon\" id=\"umsMapProControlsCon_3_15472\"> <a title=\"WordPress Google Maps\" style=\"display:none;\" href=\"https:\/\/supsystic.com\/plugins\/google-maps-plugin\/?utm_medium=love_link_hide\" target=\"_blank\">WordPress Google Maps<\/a><div style=\"clear: both;\"><\/div> <\/div> <div class=\"umsMapProDirectionsCon\" id=\"umsMapProDirectionsCon_3_15472\" > <\/div> <div class=\"umsMapProKmlFilterCon\" id=\"umsMapProKmlFilterCon_3_15472\" > <\/div> <div class=\"umsSocialSharingShell umsSocialSharingShell_3_15472\"> <\/div> <div style=\"clear: both;\"><\/div> <\/div>\n<hr \/>\n","protected":false},"excerpt":{"rendered":"","protected":false},"author":1,"featured_media":0,"parent":0,"menu_order":0,"comment_status":"closed","ping_status":"closed","template":"","meta":{"footnotes":""},"class_list":["post-658","page","type-page","status-publish","hentry"],"_links":{"self":[{"href":"https:\/\/lucka-uprava-novalja.com\/en\/wp-json\/wp\/v2\/pages\/658","targetHints":{"allow":["GET"]}}],"collection":[{"href":"https:\/\/lucka-uprava-novalja.com\/en\/wp-json\/wp\/v2\/pages"}],"about":[{"href":"https:\/\/lucka-uprava-novalja.com\/en\/wp-json\/wp\/v2\/types\/page"}],"author":[{"embeddable":true,"href":"https:\/\/lucka-uprava-novalja.com\/en\/wp-json\/wp\/v2\/users\/1"}],"replies":[{"embeddable":true,"href":"https:\/\/lucka-uprava-novalja.com\/en\/wp-json\/wp\/v2\/comments?post=658"}],"version-history":[{"count":12,"href":"https:\/\/lucka-uprava-novalja.com\/en\/wp-json\/wp\/v2\/pages\/658\/revisions"}],"predecessor-version":[{"id":3608,"href":"https:\/\/lucka-uprava-novalja.com\/en\/wp-json\/wp\/v2\/pages\/658\/revisions\/3608"}],"wp:attachment":[{"href":"https:\/\/lucka-uprava-novalja.com\/en\/wp-json\/wp\/v2\/media?parent=658"}],"curies":[{"name":"wp","href":"https:\/\/api.w.org\/{rel}","templated":true}]}}