{"id":676,"date":"2020-10-15T06:04:04","date_gmt":"2020-10-15T06:04:04","guid":{"rendered":"https:\/\/lucka-uprava-novalja.com\/povezana-dokumentacija\/"},"modified":"2020-11-03T15:42:02","modified_gmt":"2020-11-03T15:42:02","slug":"povezana-dokumentacija","status":"publish","type":"page","link":"https:\/\/lucka-uprava-novalja.com\/en\/povezana-dokumentacija\/","title":{"rendered":"Other documentation"},"content":{"rendered":"<ul>\n<li> <a href=\"https:\/\/lucka-uprava-novalja.com\/wp-content\/uploads\/2020\/10\/001_naslovnica.doc\" target=\"_blank\" rel=\"noopener noreferrer\"> URE\u0110ENJE OBALE ZA PRIHVAT CATAMARAN IN THE PORT OF NOVALJA <\/a> <\/li>\n<li> <a href=\"https:\/\/lucka-uprava-novalja.com\/wp-content\/uploads\/2020\/10\/dokumentacija_o_nabavi_radovi_-_zigljen.docx\" target=\"_blank\" rel=\"noopener noreferrer\"> IZVO\u0110ENJE RADOVA ON THE CONSTRUCTION OF THE FERRY PORT \u017dIGLJEN, ISLAND OF PAG &#8211; PROCUREMENT DOCUMENTATION <\/a> <\/li>\n<li> <a href=\"https:\/\/lucka-uprava-novalja.com\/wp-content\/uploads\/2020\/10\/don_-_lucka_uprava_nv.docx\" target=\"_blank\" rel=\"noopener noreferrer\"> DOKUMENTACIJA O PROCUREMENT &#8211; IN OPEN PUBLIC PROCUREMENT PROCEDURE CONSTRUCTION WORKS ON THE COASTAL ARRANGEMENT FOR CATAMARAN ACCEPTANCE IN THE PORT OF NOVALJA <\/a> <\/li>\n<li> <a href=\"https:\/\/lucka-uprava-novalja.com\/wp-content\/uploads\/2020\/10\/gradnja_faza_1i2.pdf\" target=\"_blank\" rel=\"noopener noreferrer\"> Operativni gat u luki Novalja &#8211; Graphic part I. <\/a> <\/li>\n<li> <a href=\"https:\/\/lucka-uprava-novalja.com\/wp-content\/uploads\/2020\/10\/gradnja_faza_34_i_5.pdf\" target=\"_blank\" rel=\"noopener noreferrer\"> Operativni pier u luki Novalja &#8211; Graphic part II. <\/a> <\/li>\n<li> <a href=\"https:\/\/lucka-uprava-novalja.com\/wp-content\/uploads\/2020\/10\/situacija_postojece_stanje.pdf\" target=\"_blank\" rel=\"noopener noreferrer\"> Operativni gat u luki Novalja &#8211; SITUATION CURRENT SITUATION <\/a> <\/li>\n<li> <a href=\"https:\/\/lucka-uprava-novalja.com\/wp-content\/uploads\/2020\/10\/situacija_novo_stanje.pdf\" target=\"_blank\" rel=\"noopener noreferrer\"> Operativni gat u luci Novalja &#8211; SITUATION NEW SITUATION <\/a> <\/li>\n<li> <a href=\"https:\/\/lucka-uprava-novalja.com\/wp-content\/uploads\/2020\/10\/izjava_o_nepostojanju_sukoba_interesa.pdf\" target=\"_blank\" rel=\"noopener noreferrer\"> Izjava o nepostojanju sukoba interest <\/a> <\/li>\n<li> <a href=\"https:\/\/lucka-uprava-novalja.com\/wp-content\/uploads\/2020\/10\/izjave_o_nepostojanju_sukoba_interesa_-_upravno_vijece.pdf\" target=\"_blank\" rel=\"noopener noreferrer\"> Izjava o non-existence of conflict of interest &#8211; Management Board of the Port of Novalja <\/a> <\/li>\n<li> <a href=\"https:\/\/lucka-uprava-novalja.com\/wp-content\/uploads\/2020\/10\/izvjesce_o_prethodnom_savjetovanju.docx\" target=\"_blank\" rel=\"noopener noreferrer\"> IZVJE\u0160\u0106E O PROVEDENOM PRETHODNOM CONSULTING WITH INTERESTED BUSINESS ENTITIES <\/a> <\/li>\n<li> <a href=\"https:\/\/lucka-uprava-novalja.com\/wp-content\/uploads\/2020\/10\/obavijest_o_sprijecavanju_sukoba_interesa.pdf\" target=\"_blank\" rel=\"noopener noreferrer\"> Obavijest o spre\u010dava sukoba interest <\/a> <\/li>\n<li> <a href=\"https:\/\/lucka-uprava-novalja.com\/wp-content\/uploads\/2020\/10\/poziv_na_dostavu_ponuda_-_administrativno_vodjenje_-zigljen.pdf\" target=\"_blank\" rel=\"noopener noreferrer\"> Invitation for submission of bids &#8211; administrative management &#8211; \u017digljen <\/a> <\/li>\n<li> <a href=\"https:\/\/lucka-uprava-novalja.com\/wp-content\/uploads\/2020\/10\/poziv_na_dostavu_ponuda_-_izrada_dokumentacije_o_nabavi_-_zigljen.pdf\" target=\"_blank\" rel=\"noopener noreferrer\"> Invitation for submission of bids &#8211; procurement documentation &#8211; \u017digljen <\/a> <\/li>\n<li> <a href=\"https:\/\/lucka-uprava-novalja.com\/wp-content\/uploads\/2020\/10\/poziv_na_prethodno_savjetovanje.docx\" target=\"_blank\" rel=\"noopener noreferrer\"> Poziv na prethodno savjetovanje &#8211; \u017digljen project <\/a> <\/li>\n<li> <a href=\"https:\/\/lucka-uprava-novalja.com\/wp-content\/uploads\/2020\/10\/troskovnik.xlsx\" target=\"_blank\" rel=\"noopener noreferrer\"> Tro\u0161kovnik Luka \u017digljen &#8211; Prior consultation <\/a> <\/li>\n<li> <a href=\"https:\/\/lucka-uprava-novalja.com\/wp-content\/uploads\/2020\/10\/ugovor_o_gradnji.docx\" target=\"_blank\" rel=\"noopener noreferrer\"> UGOVOR O IZVO\u0110ENJE RADOVA ON THE CONSTRUCTION OF THE FERRY PORT \u017dIGLJEN, ISLAND OF PAG <\/a> <\/li>\n<li> <a href=\"https:\/\/lucka-uprava-novalja.com\/wp-content\/uploads\/2020\/10\/troskovnik_-_zadnja_verzija.xls\" target=\"_blank\" rel=\"noopener noreferrer\"> TRO\u0160KOVNIK &#8211; COASTAL ARRANGEMENT FOR CATAMARAN ACCEPTANCE IN NOVALJA PORT <\/a> <\/li>\n<\/ul>\n","protected":false},"excerpt":{"rendered":"<p>URE\u0110ENJE OBALE ZA PRIHVAT CATAMARAN IN THE PORT OF NOVALJA IZVO\u0110ENJE RADOVA ON THE CONSTRUCTION OF THE FERRY PORT \u017dIGLJEN, ISLAND OF PAG &#8211; PROCUREMENT DOCUMENTATION<span class=\"excerpt-hellip\"> [\u2026]<\/span><\/p>\n","protected":false},"author":1,"featured_media":0,"parent":0,"menu_order":0,"comment_status":"closed","ping_status":"closed","template":"","meta":{"footnotes":""},"class_list":["post-676","page","type-page","status-publish","hentry"],"_links":{"self":[{"href":"https:\/\/lucka-uprava-novalja.com\/en\/wp-json\/wp\/v2\/pages\/676","targetHints":{"allow":["GET"]}}],"collection":[{"href":"https:\/\/lucka-uprava-novalja.com\/en\/wp-json\/wp\/v2\/pages"}],"about":[{"href":"https:\/\/lucka-uprava-novalja.com\/en\/wp-json\/wp\/v2\/types\/page"}],"author":[{"embeddable":true,"href":"https:\/\/lucka-uprava-novalja.com\/en\/wp-json\/wp\/v2\/users\/1"}],"replies":[{"embeddable":true,"href":"https:\/\/lucka-uprava-novalja.com\/en\/wp-json\/wp\/v2\/comments?post=676"}],"version-history":[{"count":2,"href":"https:\/\/lucka-uprava-novalja.com\/en\/wp-json\/wp\/v2\/pages\/676\/revisions"}],"predecessor-version":[{"id":679,"href":"https:\/\/lucka-uprava-novalja.com\/en\/wp-json\/wp\/v2\/pages\/676\/revisions\/679"}],"wp:attachment":[{"href":"https:\/\/lucka-uprava-novalja.com\/en\/wp-json\/wp\/v2\/media?parent=676"}],"curies":[{"name":"wp","href":"https:\/\/api.w.org\/{rel}","templated":true}]}}