{"id":693,"date":"2020-10-15T06:58:25","date_gmt":"2020-10-15T06:58:25","guid":{"rendered":"https:\/\/lucka-uprava-novalja.com\/pristup-informacijama\/"},"modified":"2020-11-03T15:51:07","modified_gmt":"2020-11-03T15:51:07","slug":"pristup-informacijama","status":"publish","type":"page","link":"https:\/\/lucka-uprava-novalja.com\/en\/pristup-informacijama\/","title":{"rendered":"Access to info"},"content":{"rendered":"<h3><strong>Pravo na pristup informacijama i ponovnu uporabu informacija<\/strong><\/h3>\n<p>Temeljem \u010dlanka 3. Zakona o pravu na pristup informacijama (\u00bbNarodne novine\u00ab, broj 25\/13, 85\/15) ure\u0111eno je pravo na pristup informacijama fizi\u010dkim i pravnim osobama putem otvorenosti i javnosti djelovanja tijela javne vlasti.<\/p>\n<p>Pravo na pristup informacijama i ponovnu uporabu informacija obuhva\u0107a pravo korisnika na tra\u017eenje i dobivanje informacije kao i obvezu tijela javne vlasti da omogu\u0107i pristup zatra\u017eenoj informaciji, odnosno da objavljuje informacije neovisno o postavljenom zahtjevu kada takvo objavljivanje proizlazi iz obveze odre\u0111ene zakonom ili drugim propisom.<\/p>\n<p>Pravo na pristup informacijama i ponovnu uporabu informacija ure\u0111eno je i ostvaruje se u skladu sa Zakonom o pravu na pristup informacijama (\u00bbNarodne novine\u00ab, broj 25\/13, 85\/15). Zakonom se propisuju na\u010dela prava na pristup informacijama i ponovnu uporabu informacija, ograni\u010denja prava na pristup informacijama i ponovnu uporabu informacija, postupak za ostvarivanje i za\u0161titu prava na pristup informacijama i ponovnu uporabu informacija.<\/p>\n<p>&nbsp;<\/p>\n<h3><strong>Slu\u017ebenik za informiranje<\/strong><\/h3>\n<p>Lu\u010dka uprava Novalja javnost informira putem slu\u017ebene web stranice dokumentima i informacijama koje posjeduje i koji su javno dostupni u elektroni\u010dkom obliku i mogu\u0107e im je pristupiti bez upu\u0107ivanja posebnog zahtjeva, a pristup svim ostalim informacijama i dokumentima ostvaruje se podno\u0161enjem usmenog ili pisanog zahtjeva.<\/p>\n<p>Pravo na pristup informacijama i ponovnu uporabu informacija ostvaruje se podno\u0161enjem zahtjeva slu\u017ebeniku za informiranje na sljede\u0107e mogu\u0107e na\u010dine:<\/p>\n<ul type=\"disc\">\n<li>putem telefona na broj: +385 (0)53 663 230;<\/li>\n<li>putem faksa na broj: +385 (0)53 663 230;<\/li>\n<li>elektroni\u010dkom po\u0161tom slu\u017ebeniku za informiranje:\u00a0<a href=\"mailto:lucka.uprava.novalja@gs.ht.hr\">lucka.uprava.novalja@gs.ht.hr<\/a>, na obrascu Zahtjev za pristup informacijama \/ Zahtjev za dopunu ili ispravak informacije \/ Zahtjev za ponovnu uporabu informacija;<\/li>\n<li>po\u0161tom na adresu: Lu\u010dka uprava Novalja, Dalmatinska 18, 53291 Novalja, Hrvatska na obrascu Zahtjev za pristup informacijama \/ Zahtjev za dopunu ili ispravak informacije \/ Zahtjev za ponovnu uporabu informacija;<\/li>\n<li>osobno na adresu: Lu\u010dka uprava Novalja, Dalmatinska 18, 53291 Novalja, Hrvatska, od ponedjeljka do petka od 07:00 do 15:00.<\/li>\n<\/ul>\n<p>&nbsp;<\/p>\n<h3><strong>Uvjeti za ponovnu uporabu informacija:<\/strong><\/h3>\n<ul type=\"disc\">\n<li>Tijelo javne vlasti korisniku daje podatke za ponovnu uporabu bez ograni\u010denja, za slobodnu uporabu i u otvorenom formatu.<\/li>\n<li>U opravdanim slu\u010dajevima tijelo javne vlasti mo\u017ee odrediti uvjete za ponovnu uporabu. U slu\u010daju odre\u0111ivanja uvjeta za ponovnu uporabu njihov sadr\u017eaj i primjena ne smiju neopravdano ograni\u010davati mogu\u0107nost ponovne uporabe, niti se smiju koristiti kako bi se ograni\u010dilo tr\u017ei\u0161no natjecanje.<\/li>\n<li>Uvjeti za ponovnu uporabu informacija ne smiju biti diskriminiraju\u0107i za iste ili sli\u010dne vrste informacija, odnosno za komercijalnu ili nekomercijalnu uporabu.<\/li>\n<li>Na tijelo javne vlasti koje ponovno koristi svoje informacije kao osnovu za komercijalne aktivnosti koje ne spadaju u djelokrug njegovih javnih poslova primjenjuju se isti uvjeti ka za druge korisnike.<\/li>\n<li>Vrste i sadr\u017eaj dozvola kojima se utvr\u0111uju ponovne uporabe, u skladu sa standardnim otvorenim dozvolama, pravilnikom ure\u0111uje ministar nadle\u017ean za poslove uprave.<\/li>\n<li>Tijelo javne vlasti du\u017eno je na svojoj internetskoj stranici objaviti dozvole kojima se odre\u0111uju uvjeti ponovne uporabe ili poveznice na takve dozvole u skladu sa standardnim otvorenim dozvolama.<\/li>\n<\/ul>\n<p>&nbsp;<\/p>\n<p><a href=\"https:\/\/lucka-uprava-novalja.com\/wp-content\/uploads\/2020\/10\/Obrazac_2_Zahtjev-za-pristup-informacijama.doc\">Zahtjev za pristup informacijama<\/a> (Obrazac 2)<br \/>\n<a href=\"https:\/\/lucka-uprava-novalja.com\/wp-content\/uploads\/2020\/10\/Obrazac_3_Zahtjev-za-dopunu-ili-ispravak-informacije.doc\">Zahtjev za dopunu ili ispravak informacije<\/a> (Obrazac 3)<br \/>\n<a href=\"https:\/\/lucka-uprava-novalja.com\/wp-content\/uploads\/2020\/10\/Obrazac_4_Zahtjev-za-ponovnu-uporabu-informacija.doc\">Zahtjev za ponovnu uporabu informacija<\/a> (Obrazac 4)<\/p>\n<p>Slu\u017ebenik za informiranje:<\/p>\n<p>Ankica \u0160kunca<br \/>\nLu\u010dka uprava Novalja, Dalmatinska 18, 53291 Novalja<br \/>\nTel.: +385 (0)53 663 230<br \/>\nFax.: +385 (0)53 663 230<br \/>\nE-mail slu\u017ebenika za informiranje:\u00a0<a href=\"mailto:lucka.uprava.novalja@gs.ht.hr\">lucka.uprava.novalja@gs.ht.hr<\/a><\/p>\n<p>Uredovno vrijeme za rad sa strankama odre\u0111uje se od ponedjeljka do petka od 07:00 do 15:00 sati.<\/p>\n<p>&nbsp;<\/p>\n<h3><strong>Naknada za pristup informacijama<\/strong><\/h3>\n<p>Lu\u010dka uprava Novalja ima pravo na naknadu stvarnih materijalnih tro\u0161kova koji nastanu pru\u017eanjem informacije korisniku prava na pristup informacijama i ponovnu uporabu informacija, kao i na naknadu tro\u0161kova dostave tra\u017eene informacije, koja se napla\u0107uje sukladno Kriteriju za odre\u0111ivanje visine naknade stvarnih materijalnih tro\u0161kova i tro\u0161kova dostave informacije (dalje u tekstu: Kriterij) na temelju \u010dlanka 19. stavka 2. Zakona o pravu na pristup informacijama (\u00bbNarodne novine\u00ab, broj 25\/13, 85\/15).<\/p>\n<p>Visina naknade stvarnih materijalnih tro\u0161kova odre\u0111uje se u sljede\u0107em iznosu:<\/p>\n<ol start=\"1\" type=\"1\">\n<li>preslik jedne stranice veli\u010dine A4 \u2013 0,25 kuna<\/li>\n<li>preslik jedne stranice veli\u010dine A3 \u2013 0,50 kuna<\/li>\n<li>preslik jedne stranice u boji veli\u010dine A4 \u2013 1,00 kuna<\/li>\n<li>preslik jedne stranice u boji veli\u010dine A3 \u2013 1,60 kuna<\/li>\n<li>elektroni\u010dki zapis na jednom CD-u \u2013 4,00 kuna<\/li>\n<li>elektroni\u010dki zapis na jednom DVD-u \u2013 6,00 kuna<\/li>\n<li>elektroni\u010dki zapis na memorijskoj kartici ovisno o koli\u010dini memorije<br \/>\n( 210 kuna za 64 GB, 150 kuna za 32 GB, 120 kuna za 16 GB, 50 kuna za 8 GB, 30 kuna za 4 GB)<\/li>\n<li>pretvaranje jedne strane dokumenta iz fizi\u010dkog u elektroni\u010dki oblik \u2013 0,80 kuna<\/li>\n<li>pretvaranje zapisa s videovrpce, audiokazete ili diskete u elektroni\u010dki zapis \u2013 1,00 kuna<\/li>\n<\/ol>\n<p>&nbsp;<\/p>\n<p>Tro\u0161kovi dostave informacija obra\u010dunavaju se prema va\u017ee\u0107em cjeniku redovnih po\u0161tanskih usluga.<\/p>\n<p><strong>NAPOMENA:<\/strong><\/p>\n<p>Visinu naknade stvarnih materijalnih tro\u0161kova za usluge koje nisu navedene u Kriteriju, tijelo javne vlasti odre\u0111uje na na\u010din da u visinu naknade zara\u010duna prosje\u010dnu tr\u017ei\u0161nu cijenu za uslugu, tro\u0161ak amortizacije koje ima tijelo javne vlasti te tro\u0161ak po\u0161tanskih usluga. Tro\u0161kovi dostave informacija obra\u010dunavaju se prema va\u017ee\u0107em cjeniku po\u0161tanskih usluga. Korisnik prava na informaciju treba unaprijed u cijelosti polo\u017eiti o\u010dekivani iznos stvarnih materijalnih tro\u0161kova. U slu\u010daju da korisnik prava na informaciju u roku ne polo\u017ei navedeni iznos, smatrat \u0107e se da je korisnik prava na informaciju odustao od zahtjeva. Lu\u010dka uprava Novalja izdat \u0107e korisniku prava na informaciju ra\u010dun prema visini naknade odre\u0111enom u Kriteriju.<\/p>\n<h3><strong>Naknada za ponovnu uporabu informacija<\/strong><\/h3>\n<p>Lu\u010dka uprava Novalja ne napla\u0107uje naknadu za ponovnu uporabu informacija kad informacije objavljuje na slu\u017ebenim internetskim stranicama.<\/p>\n<p>Prema Kriteriju za odre\u0111ivanje visine naknade stvarnih materijalnih tro\u0161kova i tro\u0161kova dostave informacije na temelju \u010dlanka 19. stavka 2. Zakona o pravu na pristup informacijama (\u00bbNarodne novine\u00ab, broj 25\/13, 85\/15), Lu\u010dka uprava Novalja mo\u017ee korisniku naplatiti stvarne materijalne tro\u0161kove ponovne uporabe informacija nastale zbog reprodukcije, davanja na uporabu i dostave informacije kao i ako je ispunjen jedan od sljede\u0107ih uvjeta:<\/p>\n<ol start=\"1\" type=\"1\">\n<li>tijelo javne vlasti prete\u017eito se financira iz vlastitih prihoda ili<\/li>\n<li>korisnik zahtjeva informacije kojima tijelo javne vlasti osigurava odgovaraju\u0107e prihode kojim pokriva tro\u0161kove njihova prikupljanja, izrade, reprodukcije i objave,<\/li>\n<li>tijelo javne vlasti odre\u0111uje naknadu za ponovnu uporabu u skladu s objektivnim, jasnim i povjerljivim kriterijima za izra\u010dun tro\u0161kova ponovne uporabe informacije koje utvr\u0111uje uredbom Vlade Republike Hrvatske a tro\u0161kovi se izra\u010dunavaju u skladu s ra\u010dunovodstvenim pravilima koja se primjenjuju na doti\u010dna tijela javne vlasti,<\/li>\n<li>ukupan godi\u0161nji prihod tijela javne vlasti ostvaren po osnovi naknade tro\u0161kova ne prelazi tro\u0161kove prikupljanja, izrade, reprodukcije i pru\u017eanja informacije, uklju\u010duju\u0107i razuman povrat ulaganja.<\/li>\n<\/ol>\n<p>&nbsp;<\/p>\n<h3><strong>Pravo na pristup informacijama ure\u0111uju<\/strong><\/h3>\n<h3><strong>Op\u0107i propisi<\/strong><\/h3>\n<ul type=\"disc\">\n<li>Zakon o pravu na pristup informacijama (\u00bbNarodne novine\u00ab, broj 25\/13, 85\/15),<\/li>\n<li>Zakon o za\u0161titi osobnih podataka (\u00bbNarodne novine\u00ab, broj 103\/03, 118\/06, 41\/08, 130\/11, 106\/12),<\/li>\n<li>Zakon o tajnosti podataka (\u00bbNarodne novine\u00ab, broj 79\/07, 86\/12),<\/li>\n<li>Zakon o za\u0161titi tajnosti podataka (\u00bbNarodne novine\u00ab, broj\u00a0108\/96,\u00a079\/07),<\/li>\n<li>Zakon o medijima (\u00bbNarodne novine\u00ab, broj\u00a059\/04,\u00a084\/11, 81\/13),<\/li>\n<li>Zakon o arhivskom gradivu i arhivima (\u00bbNarodne novine\u00ab, broj\u00a0105\/97,\u00a064\/00,\u00a065\/09,\u00a0144\/12),<\/li>\n<li>Zakon o sustavu dr\u017eavne uprave u odnosima uprave i gra\u0111ana (\u00bbNarodne novine\u00ab, broj\u00a0150\/11, 12\/13),<\/li>\n<li>Pravilnik o Sredi\u0161njem katalogu slu\u017ebenih dokumenata Republike Hrvatske (\u00bbNarodne novine\u00ab, broj 124\/15),<\/li>\n<li>Pravilnik o ustroju, sadr\u017eaju i na\u010dinu vo\u0111enja slu\u017ebenog Upisnika o ostvarivanju prava na pristup informacijama i ponovnu uporabu informacija (\u00bbNarodne novine\u00ab, broj 83\/14),<\/li>\n<li>Kriterij za odre\u0111ivanje visine naknadne stvarnih materijalnih tro\u0161kova i tro\u0161kova dostave informacije (\u00bbNarodne novine\u00ab, broj 12\/14, 15\/14),<\/li>\n<li>Pravilnik o sadr\u017eaju i na\u010dinu vo\u0111enja evidencije isklju\u010divih prava na ponovnu uporabu informacija (\u00bbNarodne novine\u00ab, broj 20\/16)<\/li>\n<li>Popis tijela javne vlasti za 2010. godinu (\u00bbNarodne novine\u00ab, broj 19\/10).<\/li>\n<\/ul>\n<p><strong>\u00a0<\/strong><\/p>\n<h3><strong>Propisi EU<\/strong><\/h3>\n<ul type=\"disc\">\n<li>Direktiva 2003\/98\/EZ Europskog parlamenta i Vije\u0107a od 17. studenog 2003. o ponovnoj uporabi informacija javnog sektora (SL L 345, 17. 11. 2003.),<\/li>\n<li>Uredba 1049\/2001 Europskog parlamenta i Vije\u0107a od 30. svibnja 2001. o javnom pristupu dokumentima Europskog parlamenta, Vije\u0107a i Komisije (SL L 145, 31. 5. 2001.),<\/li>\n<li>Direktiva 2013\/37\/EU Europskog parlamenta i Vije\u0107a od 26. lipnja 2013. o izmjeni Direktive 2003\/98\/EZ o ponovnoj uporabi informacija javnog sektora (SL L 175, 27. 6. 2013.).<\/li>\n<\/ul>\n<p><strong>\u00a0<\/strong><\/p>\n<h3><strong>Interni akti<\/strong><\/h3>\n<ul type=\"disc\">\n<li>Odluka o imenovanju slu\u017ebenika za informiranje,<\/li>\n<li>Odluka o imenovanju zamjenika slu\u017ebenika za informiranje,<\/li>\n<li>Odluka o ustroju slu\u017ebenog Upisnika o ostvarivanju prava na pristup informacijama,<\/li>\n<li><a href=\"https:\/\/lucka-uprava-novalja.com\/wp-content\/uploads\/2020\/10\/Odluka-o-visini-naknade.pdf\">Odluka o visini naknade (cjenik) stvarnih materijalnih tro\u0161kova<\/a>,<\/li>\n<li><a href=\"https:\/\/lucka-uprava-novalja.com\/wp-content\/uploads\/2020\/10\/Pravilnik-o-ostvarivanju-prava-na-pristup-informacijama.pdf\">Pravilnik o ostvarivanju prava na pristup informacijama i ponovnu uporabu informacija Lu\u010dke uprave Novalja<\/a>,<\/li>\n<li>Slu\u017ebeni Upisnik o zahtjevima, postupcima i odlukama o ostvarivanju prava na pristup informacijama i ponovnu uporabu informacija,<\/li>\n<li><a href=\"https:\/\/lucka-uprava-novalja.com\/wp-content\/uploads\/2020\/10\/Obrazac_2_Zahtjev-za-pristup-informacijama.doc\">Zahtjev za pristup informacijama<\/a><\/li>\n<li><a href=\"https:\/\/lucka-uprava-novalja.com\/wp-content\/uploads\/2020\/10\/Obrazac_3_Zahtjev-za-dopunu-ili-ispravak-informacije.doc\">Zahtjev za dopunu ili ispravak informacije<\/a><\/li>\n<li><a href=\"https:\/\/lucka-uprava-novalja.com\/wp-content\/uploads\/2020\/10\/Obrazac_4_Zahtjev-za-ponovnu-uporabu-informacija.doc\">Zahtjev za ponovnu uporabu informacija<\/a><\/li>\n<\/ul>\n<p><strong>\u00a0<\/strong><\/p>\n<h3><strong>Izvje\u0161\u0107a<\/strong><\/h3>\n<ul type=\"disc\">\n<li>Izvje\u0161\u0107e o provedbi Zakona o pravu na pristup informacijama za 2015. godinu<\/li>\n<li>Izvje\u0161\u0107e o provedbi Zakona o pravu na pristup informacijama za 2014. godinu<\/li>\n<li>Izvje\u0161\u0107e o provedbi Zakona o pravu na pristup informacijama za 2013. godinu<\/li>\n<\/ul>\n","protected":false},"excerpt":{"rendered":"<p>Pravo na pristup informacijama i ponovnu uporabu informacija Temeljem \u010dlanka 3. Zakona o pravu na pristup informacijama (\u00bbNarodne novine\u00ab, broj 25\/13, 85\/15) ure\u0111eno je pravo na<span class=\"excerpt-hellip\"> [\u2026]<\/span><\/p>\n","protected":false},"author":1,"featured_media":0,"parent":0,"menu_order":0,"comment_status":"closed","ping_status":"closed","template":"","meta":{"footnotes":""},"class_list":["post-693","page","type-page","status-publish","hentry"],"_links":{"self":[{"href":"https:\/\/lucka-uprava-novalja.com\/en\/wp-json\/wp\/v2\/pages\/693","targetHints":{"allow":["GET"]}}],"collection":[{"href":"https:\/\/lucka-uprava-novalja.com\/en\/wp-json\/wp\/v2\/pages"}],"about":[{"href":"https:\/\/lucka-uprava-novalja.com\/en\/wp-json\/wp\/v2\/types\/page"}],"author":[{"embeddable":true,"href":"https:\/\/lucka-uprava-novalja.com\/en\/wp-json\/wp\/v2\/users\/1"}],"replies":[{"embeddable":true,"href":"https:\/\/lucka-uprava-novalja.com\/en\/wp-json\/wp\/v2\/comments?post=693"}],"version-history":[{"count":1,"href":"https:\/\/lucka-uprava-novalja.com\/en\/wp-json\/wp\/v2\/pages\/693\/revisions"}],"predecessor-version":[{"id":695,"href":"https:\/\/lucka-uprava-novalja.com\/en\/wp-json\/wp\/v2\/pages\/693\/revisions\/695"}],"wp:attachment":[{"href":"https:\/\/lucka-uprava-novalja.com\/en\/wp-json\/wp\/v2\/media?parent=693"}],"curies":[{"name":"wp","href":"https:\/\/api.w.org\/{rel}","templated":true}]}}