{"id":702,"date":"2020-10-15T06:40:57","date_gmt":"2020-10-15T06:40:57","guid":{"rendered":"https:\/\/lucka-uprava-novalja.com\/tarife\/"},"modified":"2020-11-03T15:57:08","modified_gmt":"2020-11-03T15:57:08","slug":"tarife","status":"publish","type":"page","link":"https:\/\/lucka-uprava-novalja.com\/en\/tarife\/","title":{"rendered":"Tariffs"},"content":{"rendered":"<p><div class=\"column one-second\"><br \/>\n<a href=\"https:\/\/lucka-uprava-novalja.com\/wp-content\/uploads\/2020\/10\/tarife.jpg\"><img loading=\"lazy\" decoding=\"async\" class=\"alignleft size-large wp-image-703 rast\" src=\"https:\/\/lucka-uprava-novalja.com\/wp-content\/uploads\/2020\/10\/tarife-1024x777.jpg\" alt=\"\" width=\"1024\" height=\"777\" srcset=\"https:\/\/lucka-uprava-novalja.com\/wp-content\/uploads\/2020\/10\/tarife-1024x777.jpg 1024w, https:\/\/lucka-uprava-novalja.com\/wp-content\/uploads\/2020\/10\/tarife-300x228.jpg 300w, https:\/\/lucka-uprava-novalja.com\/wp-content\/uploads\/2020\/10\/tarife-768x582.jpg 768w, https:\/\/lucka-uprava-novalja.com\/wp-content\/uploads\/2020\/10\/tarife-193x146.jpg 193w, https:\/\/lucka-uprava-novalja.com\/wp-content\/uploads\/2020\/10\/tarife-50x38.jpg 50w, https:\/\/lucka-uprava-novalja.com\/wp-content\/uploads\/2020\/10\/tarife-99x75.jpg 99w, https:\/\/lucka-uprava-novalja.com\/wp-content\/uploads\/2020\/10\/tarife.jpg 1519w\" sizes=\"auto, (max-width: 1024px) 100vw, 1024px\" \/><\/a><br \/>\n<\/div>\n<br \/>\n<div class=\"column one-second\"><\/p>\n<h3>Tariffs of the Port Authority of Novalja<\/h3>\n<ul>\n<li><a href=\"https:\/\/lucka-uprava-novalja.com\/wp-content\/uploads\/2020\/10\/lucke_tarife_lucke_uprave_novalja.pdf\" target=\"_blank\" rel=\"noopener noreferrer\">Port Tariffs of the Port Authority of Novalja<\/a><\/li>\n<\/ul>\n<h3>Tariffs of the Concessionaire of the Port Authority of Novalja<\/h3>\n<ul>\n<li><a href=\"https:\/\/lucka-uprava-novalja.com\/wp-content\/uploads\/2020\/10\/cjenik_parkiraliste1.pdf\" target=\"_blank\" rel=\"noopener noreferrer\">PRICE LIST of parking tickets in public parking lots in the area of the City of Novalja (ARBURO\u017dA d.o.o.)<\/a><\/li>\n<li><a href=\"https:\/\/lucka-uprava-novalja.com\/wp-content\/uploads\/2020\/10\/cjenik_ostalih_komunalnih_usluga7.pdf\" target=\"_blank\" rel=\"noopener noreferrer\">PRICE LIST of other communal services (ARBURO\u017dA d.o.o.)<\/a><\/li>\n<li><a href=\"https:\/\/lucka-uprava-novalja.com\/wp-content\/uploads\/2020\/10\/scan0010002.pdf\" target=\"_blank\" rel=\"noopener noreferrer\">PRICE LIST &#8211; Dra\u017een Perani\u0107 KA\u0160TELAN &#8211; Drljandra stretch<\/a><\/li>\n<\/ul>\n<a class=\"button  button_full_width button_size_2 button_blue\" href=\"http:\/\/www.lucka-uprava-novalja.com\/api\/unoslun.php\" target=\"_blank\"   ><span class=\"button_label\"><strong>PORT TARIFF CALCULATOR<\/strong><\/span><\/a>\n\n<p><\/div>\n<\/p>\n","protected":false},"excerpt":{"rendered":"","protected":false},"author":1,"featured_media":0,"parent":0,"menu_order":0,"comment_status":"closed","ping_status":"closed","template":"","meta":{"footnotes":""},"class_list":["post-702","page","type-page","status-publish","hentry"],"_links":{"self":[{"href":"https:\/\/lucka-uprava-novalja.com\/en\/wp-json\/wp\/v2\/pages\/702","targetHints":{"allow":["GET"]}}],"collection":[{"href":"https:\/\/lucka-uprava-novalja.com\/en\/wp-json\/wp\/v2\/pages"}],"about":[{"href":"https:\/\/lucka-uprava-novalja.com\/en\/wp-json\/wp\/v2\/types\/page"}],"author":[{"embeddable":true,"href":"https:\/\/lucka-uprava-novalja.com\/en\/wp-json\/wp\/v2\/users\/1"}],"replies":[{"embeddable":true,"href":"https:\/\/lucka-uprava-novalja.com\/en\/wp-json\/wp\/v2\/comments?post=702"}],"version-history":[{"count":3,"href":"https:\/\/lucka-uprava-novalja.com\/en\/wp-json\/wp\/v2\/pages\/702\/revisions"}],"predecessor-version":[{"id":2146,"href":"https:\/\/lucka-uprava-novalja.com\/en\/wp-json\/wp\/v2\/pages\/702\/revisions\/2146"}],"wp:attachment":[{"href":"https:\/\/lucka-uprava-novalja.com\/en\/wp-json\/wp\/v2\/media?parent=702"}],"curies":[{"name":"wp","href":"https:\/\/api.w.org\/{rel}","templated":true}]}}